{"id":15442,"date":"2019-03-12T18:50:55","date_gmt":"2019-03-12T18:50:55","guid":{"rendered":"http:\/\/asociacionderechoymoda.es\/?page_id=15442"},"modified":"2022-07-03T14:24:24","modified_gmt":"2022-07-03T14:24:24","slug":"estatutos","status":"publish","type":"page","link":"https:\/\/asociacionderechoymoda.com\/pt\/estatutos\/","title":{"rendered":"ESTATUTOS"},"content":{"rendered":"<div      class=\"vc_row wpb_row section vc_row-fluid\" style=' text-align:left;'><div class=\"full_section_inner clearfix\"><div class=\"element_from_left\"><div style='transition-delay:2ms; -webkit-animation-delay:2ms; animation-delay:2ms;'><div class=\"wpb_column vc_column_container vc_col-sm-6 vc_col-has-fill\"><div class=\"vc_column-inner vc_custom_1552477304517\"><div class=\"wpb_wrapper\">\t<div class=\"vc_empty_space\"  style=\"height: 30px\" ><span\n\t\t\tclass=\"vc_empty_space_inner\">\n\t\t\t<span class=\"empty_space_image\"  ><\/span>\n\t\t<\/span><\/div>\n\n<\/div><\/div><\/div><div class=\"wpb_column vc_column_container vc_col-sm-6\"><div class=\"vc_column-inner\"><div class=\"wpb_wrapper\"><\/div><\/div><\/div><\/div><\/div><\/div><\/div><div      class=\"vc_row wpb_row section vc_row-fluid\" style=' text-align:left;'><div class=\"full_section_inner clearfix\"><div class=\"element_from_left\"><div style='transition-delay:2ms; -webkit-animation-delay:2ms; animation-delay:2ms;'><div class=\"wpb_column vc_column_container vc_col-sm-4 vc_col-has-fill\"><div class=\"vc_column-inner vc_custom_1552477403237\"><div class=\"wpb_wrapper\">\t<div class=\"vc_empty_space\"  style=\"height: 30px\" ><span\n\t\t\tclass=\"vc_empty_space_inner\">\n\t\t\t<span class=\"empty_space_image\"  ><\/span>\n\t\t<\/span><\/div>\n\n<\/div><\/div><\/div><div class=\"wpb_column vc_column_container vc_col-sm-4\"><div class=\"vc_column-inner\"><div class=\"wpb_wrapper\"><\/div><\/div><\/div><div class=\"wpb_column vc_column_container vc_col-sm-4\"><div class=\"vc_column-inner\"><div class=\"wpb_wrapper\"><\/div><\/div><\/div><\/div><\/div><\/div><\/div><div      class=\"vc_row wpb_row section vc_row-fluid\" style=' text-align:left;'><div class=\"full_section_inner clearfix\"><div class=\"wpb_column vc_column_container vc_col-sm-12\"><div class=\"vc_column-inner\"><div class=\"wpb_wrapper\"><div      class=\"vc_row wpb_row section vc_row-fluid vc_inner  grid_section\" style=' text-align:left;'><div class=\"section_inner clearfix\"><div class='section_inner_margin clearfix'><div class=\"element_from_left\"><div style='transition-delay:2ms; -webkit-animation-delay:2ms; animation-delay:2ms;'><div class=\"wpb_column vc_column_container vc_col-sm-12\"><div class=\"vc_column-inner\"><div class=\"wpb_wrapper\">\t<div class=\"vc_empty_space\"  style=\"height: 60px\" ><span\n\t\t\tclass=\"vc_empty_space_inner\">\n\t\t\t<span class=\"empty_space_image\"  ><\/span>\n\t\t<\/span><\/div>\n\n\n\t<div class=\"wpb_text_column wpb_content_element\">\n\t\t<div class=\"wpb_wrapper\">\n\t\t\t<h3><b>Art\u00edculo 1<\/b>. <b>Constituci\u00f3n de la Asociaci\u00f3n<\/b><\/h3>\n\n\t\t<\/div> \n\t<\/div> \t<div class=\"vc_empty_space\"  style=\"height: 30px\" ><span\n\t\t\tclass=\"vc_empty_space_inner\">\n\t\t\t<span class=\"empty_space_image\"  ><\/span>\n\t\t<\/span><\/div>\n\n\n\t<div class=\"wpb_text_column wpb_content_element\">\n\t\t<div class=\"wpb_wrapper\">\n\t\t\t<p>Con la denominaci\u00f3n \u201c<strong>ASOCIACION DE EXPERTOS EN DERECHO DE LA MODA &#8211; AEDM<\/strong>\u201d(en adelante \u201cLa Asociaci\u00f3n\u201d) se constituye una Asociaci\u00f3n al amparo de la Ley Org\u00e1nica 1\/2002, de 22 de marzo, reguladora del Derecho de Asociaci\u00f3n y normas complementarias, con personalidad jur\u00eddica propia y plena capacidad de obrar, careciendo de \u00e1nimo de lucro.<\/p>\n\n\t\t<\/div> \n\t<\/div> \t<div class=\"vc_empty_space\"  style=\"height: 30px\" ><span\n\t\t\tclass=\"vc_empty_space_inner\">\n\t\t\t<span class=\"empty_space_image\"  ><\/span>\n\t\t<\/span><\/div>\n\n<\/div><\/div><\/div><\/div><\/div><\/div><\/div><\/div><\/div><\/div><\/div><\/div><\/div><div      class=\"vc_row wpb_row section vc_row-fluid\" style=' text-align:left;'><div class=\"full_section_inner clearfix\"><div class=\"wpb_column vc_column_container vc_col-sm-12\"><div class=\"vc_column-inner\"><div class=\"wpb_wrapper\"><div      class=\"vc_row wpb_row section vc_row-fluid vc_inner  grid_section\" style=' text-align:left;'><div class=\"section_inner clearfix\"><div class='section_inner_margin clearfix'><div class=\"element_from_left\"><div style='transition-delay:2ms; -webkit-animation-delay:2ms; animation-delay:2ms;'><div class=\"wpb_column vc_column_container vc_col-sm-12\"><div class=\"vc_column-inner\"><div class=\"wpb_wrapper\"><div class=\"separator  normal\" style=\"background-color: #eeee22;\"><\/div>\n<\/div><\/div><\/div><\/div><\/div><\/div><\/div><\/div><\/div><\/div><\/div><\/div><\/div><div      class=\"vc_row wpb_row section vc_row-fluid\" style=' text-align:left;'><div class=\"full_section_inner clearfix\"><div class=\"wpb_column vc_column_container vc_col-sm-12\"><div class=\"vc_column-inner\"><div class=\"wpb_wrapper\"><div      class=\"vc_row wpb_row section vc_row-fluid vc_inner  grid_section\" style=' text-align:left;'><div class=\"section_inner clearfix\"><div class='section_inner_margin clearfix'><div class=\"element_from_left\"><div style='transition-delay:2ms; -webkit-animation-delay:2ms; animation-delay:2ms;'><div class=\"wpb_column vc_column_container vc_col-sm-12\"><div class=\"vc_column-inner\"><div class=\"wpb_wrapper\">\t<div class=\"vc_empty_space\"  style=\"height: 20px\" ><span\n\t\t\tclass=\"vc_empty_space_inner\">\n\t\t\t<span class=\"empty_space_image\"  ><\/span>\n\t\t<\/span><\/div>\n\n\n\t<div class=\"wpb_text_column wpb_content_element\">\n\t\t<div class=\"wpb_wrapper\">\n\t\t\t<h3><b>Art\u00edculo 2<\/b>. <b>Duraci\u00f3n<\/b><\/h3>\n\n\t\t<\/div> \n\t<\/div> \t<div class=\"vc_empty_space\"  style=\"height: 30px\" ><span\n\t\t\tclass=\"vc_empty_space_inner\">\n\t\t\t<span class=\"empty_space_image\"  ><\/span>\n\t\t<\/span><\/div>\n\n\n\t<div class=\"wpb_text_column wpb_content_element\">\n\t\t<div class=\"wpb_wrapper\">\n\t\t\t<p>Esta Asociaci\u00f3n se constituye por <strong>tiempo indefinido<\/strong>.<\/p>\n\n\t\t<\/div> \n\t<\/div> \t<div class=\"vc_empty_space\"  style=\"height: 30px\" ><span\n\t\t\tclass=\"vc_empty_space_inner\">\n\t\t\t<span class=\"empty_space_image\"  ><\/span>\n\t\t<\/span><\/div>\n\n<\/div><\/div><\/div><\/div><\/div><\/div><\/div><\/div><\/div><\/div><\/div><\/div><\/div><div      class=\"vc_row wpb_row section vc_row-fluid\" style=' text-align:left;'><div class=\"full_section_inner clearfix\"><div class=\"wpb_column vc_column_container vc_col-sm-12\"><div class=\"vc_column-inner\"><div class=\"wpb_wrapper\"><div      class=\"vc_row wpb_row section vc_row-fluid vc_inner  grid_section\" style=' text-align:left;'><div class=\"section_inner clearfix\"><div class='section_inner_margin clearfix'><div class=\"element_from_left\"><div style='transition-delay:2ms; -webkit-animation-delay:2ms; animation-delay:2ms;'><div class=\"wpb_column vc_column_container vc_col-sm-12\"><div class=\"vc_column-inner\"><div class=\"wpb_wrapper\"><div class=\"separator  normal\" style=\"background-color: #eeee22;\"><\/div>\n<\/div><\/div><\/div><\/div><\/div><\/div><\/div><\/div><\/div><\/div><\/div><\/div><\/div><div      class=\"vc_row wpb_row section vc_row-fluid\" style=' text-align:left;'><div class=\"full_section_inner clearfix\"><div class=\"wpb_column vc_column_container vc_col-sm-12\"><div class=\"vc_column-inner\"><div class=\"wpb_wrapper\"><div      class=\"vc_row wpb_row section vc_row-fluid vc_inner  grid_section\" style=' text-align:left;'><div class=\"section_inner clearfix\"><div class='section_inner_margin clearfix'><div class=\"element_from_left\"><div style='transition-delay:2ms; -webkit-animation-delay:2ms; animation-delay:2ms;'><div class=\"wpb_column vc_column_container vc_col-sm-12\"><div class=\"vc_column-inner\"><div class=\"wpb_wrapper\">\t<div class=\"vc_empty_space\"  style=\"height: 20px\" ><span\n\t\t\tclass=\"vc_empty_space_inner\">\n\t\t\t<span class=\"empty_space_image\"  ><\/span>\n\t\t<\/span><\/div>\n\n\n\t<div class=\"wpb_text_column wpb_content_element\">\n\t\t<div class=\"wpb_wrapper\">\n\t\t\t<h3><b>Art\u00edculo 3<\/b>. <b>Fines de la Asociaci\u00f3n<\/b><\/h3>\n\n\t\t<\/div> \n\t<\/div> \t<div class=\"vc_empty_space\"  style=\"height: 30px\" ><span\n\t\t\tclass=\"vc_empty_space_inner\">\n\t\t\t<span class=\"empty_space_image\"  ><\/span>\n\t\t<\/span><\/div>\n\n\n\t<div class=\"wpb_text_column wpb_content_element\">\n\t\t<div class=\"wpb_wrapper\">\n\t\t\t<p style=\"text-align: justify;\"><strong>Son fines de la Asociaci\u00f3n:<\/strong><\/p>\n<p style=\"padding-left: 40px; text-align: justify;\"><strong>a)<\/strong> Servir como punto de encuentro para los profesionales dedicados a las \u00e1reas englobadas dentro del Derecho del sector de la moda, tales como el derecho de la Propiedad Intelectual, la Propiedad Industrial, la Protecci\u00f3n de Datos, el Derecho al Honor, a la Intimidad Personal y Familiar y a la Propia Imagen, el Derecho de las Nuevas Tecnolog\u00edas, el Derecho Audiovisual, el Derecho de la Publicidad, el Derecho laboral, el Derecho mercantil, el Derecho de distribuci\u00f3n, el Derecho tributario o el Derecho de asociaci\u00f3n entre otros.<\/p>\n<p style=\"padding-left: 40px; text-align: justify;\"><strong>b)<\/strong> La investigaci\u00f3n, an\u00e1lisis y divulgaci\u00f3n del conocimiento jur\u00eddico de las materias descritas en el p\u00e1rrafo a), desde el respeto a la pluralidad de visiones de estas materias, llevando a cabo diversos proyectos y actividades destinados a promover tales especialidades del Derecho, incluyendo estudios monogr\u00e1ficos, art\u00edculos en revistas especializadas, jornadas de debate, conferencias y, en general, cualquier tipo de actividad que permita la consecuci\u00f3n de tal objetivo.<\/p>\n<p style=\"padding-left: 40px; text-align: justify;\"><strong>c)<\/strong> La organizaci\u00f3n de eventos que sirvan de punto de encuentro para profesionales dedicados al Derecho del sector de la moda, en sus diferentes ramas, en los que se podr\u00e1n llevar a cabo actividades docentes, coloquios, debates, mesas redondas, sesiones de <em>networking<\/em>, as\u00ed como cualquier otra actividad que sirva a aquel fin.<\/p>\n<p style=\"padding-left: 40px; text-align: justify;\"><strong>d)<\/strong> La creaci\u00f3n y mantenimiento de un portal web y, en su caso, una lista de correo, grupo en redes sociales o cualquier otro medio de comunicaci\u00f3n electr\u00f3nica y anal\u00f3gica, que permita mantener una comunicaci\u00f3n entre los asociados y cualquier persona interesada en los fines de la Asociaci\u00f3n.<\/p>\n<p style=\"padding-left: 40px; text-align: justify;\"><strong>e)<\/strong> La edici\u00f3n y publicaci\u00f3n de libros, revistas y cualquier otro tipo de obras.<\/p>\n<p style=\"padding-left: 40px; text-align: justify;\"><strong>f)<\/strong> La convocatoria de premios, cert\u00e1menes y concursos relativos al objeto de la Asociaci\u00f3n.<\/p>\n<p style=\"padding-left: 40px; text-align: justify;\"><strong>g)<\/strong> La concesi\u00f3n de distinciones honor\u00edficas a aquellas personas f\u00edsicas o jur\u00eddicas cuya extraordinaria aportaci\u00f3n a las materias expresadas en el apartado a) de este art\u00edculo les hagan, a juicio de la Asociaci\u00f3n, acreedores de tales reconocimientos.<\/p>\n<p style=\"padding-left: 40px; text-align: justify;\"><strong>h)<\/strong> Proponer, de entre sus asociados y en relaci\u00f3n con las materias expresadas en el apartado a) de este art\u00edculo, a uno o varios expertos que elaboren dict\u00e1menes, informes, notas t\u00e9cnicas u otros documentos similares que sean solicitados por terceros a la Asociaci\u00f3n.\u00a0 Proponer, de entre sus asociados y en relaci\u00f3n con las materias expresadas en el apartado a) de este art\u00edculo, a uno o varios expertos para que intervengan como \u00e1rbitros, mediadores, conciliadores o expertos decisores que sean solicitadas por terceros, ya sea Cortes o Centros de mediaci\u00f3n y arbitraje, o empresas y particulares.<\/p>\n<p style=\"padding-left: 40px; text-align: justify;\"><strong>i)<\/strong> La administraci\u00f3n de los recursos de la propia Asociaci\u00f3n.<\/p>\n<p style=\"padding-left: 40px; text-align: justify;\"><strong>j)<\/strong> La cooperaci\u00f3n con entidades p\u00fablicas y privadas, incluyendo editoriales, escuelas de negocios, escuelas de postgrado, universidades, y en general, cualquier ente que est\u00e9 interesado en los fines expuestos anteriormente.<\/p>\n<p style=\"padding-left: 40px; text-align: justify;\"><strong>k)<\/strong> Cualesquiera otras actividades que sean acordadas por el \u00f3rgano competente de la asociaci\u00f3n en cada caso<\/p>\n\n\t\t<\/div> \n\t<\/div> \t<div class=\"vc_empty_space\"  style=\"height: 30px\" ><span\n\t\t\tclass=\"vc_empty_space_inner\">\n\t\t\t<span class=\"empty_space_image\"  ><\/span>\n\t\t<\/span><\/div>\n\n<\/div><\/div><\/div><\/div><\/div><\/div><\/div><\/div><\/div><\/div><\/div><\/div><\/div><div      class=\"vc_row wpb_row section vc_row-fluid\" style=' text-align:left;'><div class=\"full_section_inner clearfix\"><div class=\"wpb_column vc_column_container vc_col-sm-12\"><div class=\"vc_column-inner\"><div class=\"wpb_wrapper\"><div      class=\"vc_row wpb_row section vc_row-fluid vc_inner  grid_section\" style=' text-align:left;'><div class=\"section_inner clearfix\"><div class='section_inner_margin clearfix'><div class=\"element_from_left\"><div style='transition-delay:2ms; -webkit-animation-delay:2ms; animation-delay:2ms;'><div class=\"wpb_column vc_column_container vc_col-sm-12\"><div class=\"vc_column-inner\"><div class=\"wpb_wrapper\"><div class=\"separator  normal\" style=\"background-color: #eeee22;\"><\/div>\n<\/div><\/div><\/div><\/div><\/div><\/div><\/div><\/div><\/div><\/div><\/div><\/div><\/div><div      class=\"vc_row wpb_row section vc_row-fluid\" style=' text-align:left;'><div class=\"full_section_inner clearfix\"><div class=\"wpb_column vc_column_container vc_col-sm-12\"><div class=\"vc_column-inner\"><div class=\"wpb_wrapper\"><div      class=\"vc_row wpb_row section vc_row-fluid vc_inner  grid_section\" style=' text-align:left;'><div class=\"section_inner clearfix\"><div class='section_inner_margin clearfix'><div class=\"element_from_left\"><div style='transition-delay:2ms; -webkit-animation-delay:2ms; animation-delay:2ms;'><div class=\"wpb_column vc_column_container vc_col-sm-12\"><div class=\"vc_column-inner\"><div class=\"wpb_wrapper\">\t<div class=\"vc_empty_space\"  style=\"height: 20px\" ><span\n\t\t\tclass=\"vc_empty_space_inner\">\n\t\t\t<span class=\"empty_space_image\"  ><\/span>\n\t\t<\/span><\/div>\n\n\n\t<div class=\"wpb_text_column wpb_content_element\">\n\t\t<div class=\"wpb_wrapper\">\n\t\t\t<h3><b>Art\u00edculo 4. Actividades<\/b><\/h3>\n\n\t\t<\/div> \n\t<\/div> \t<div class=\"vc_empty_space\"  style=\"height: 30px\" ><span\n\t\t\tclass=\"vc_empty_space_inner\">\n\t\t\t<span class=\"empty_space_image\"  ><\/span>\n\t\t<\/span><\/div>\n\n\n\t<div class=\"wpb_text_column wpb_content_element\">\n\t\t<div class=\"wpb_wrapper\">\n\t\t\t<p style=\"text-align: justify;\">Para el cumplimiento de los fines establecidos en el art\u00edculo 3, se llevar\u00e1n a cabo, entre otras, las siguientes actividades:<\/p>\n<p style=\"padding-left: 40px; text-align: justify;\"><strong>a)<\/strong>La creaci\u00f3n, desarrollo, mantenimiento y gesti\u00f3n de un sitio web en el que se incluir\u00e1n aquellos recursos que se consideran necesarios para el cumplimiento efectivo de los fines de la Asociaci\u00f3n.<\/p>\n<p style=\"padding-left: 40px; text-align: justify;\"><strong>b)<\/strong>La preparaci\u00f3n y participaci\u00f3n en eventos, conferencias y\/o exposiciones, ya sea en calidad de entidad organizadora o como colaboradora.<\/p>\n<p style=\"padding-left: 40px; text-align: justify;\"><strong>c)<\/strong>El desarrollo y preparaci\u00f3n de proyectos de investigaci\u00f3n, desarrollo e innovaci\u00f3n relacionados con los fines de la Asociaci\u00f3n.<\/p>\n<p style=\"padding-left: 40px; text-align: justify;\"><strong>d)<\/strong>El apoyo y colaboraci\u00f3n t\u00e9cnica, jur\u00eddica, documental y econ\u00f3mica, de acuerdo con los recursos y planificaci\u00f3n de la Asociaci\u00f3n, con personas, asociaciones, entidades ciudadanas y organismos de cualquier tipo que persigan los fines de la Asociaci\u00f3n.<\/p>\n\n\t\t<\/div> \n\t<\/div> \t<div class=\"vc_empty_space\"  style=\"height: 30px\" ><span\n\t\t\tclass=\"vc_empty_space_inner\">\n\t\t\t<span class=\"empty_space_image\"  ><\/span>\n\t\t<\/span><\/div>\n\n\t<div class=\"vc_empty_space\"  style=\"height: 30px\" ><span\n\t\t\tclass=\"vc_empty_space_inner\">\n\t\t\t<span class=\"empty_space_image\"  ><\/span>\n\t\t<\/span><\/div>\n\n<\/div><\/div><\/div><\/div><\/div><\/div><\/div><\/div><\/div><\/div><\/div><\/div><\/div><section      data-speed=\"1\" class=\"parallax_section_holder\" style = \" height:px; background-image:url('https:\/\/asociacionderechoymoda.com\/wp-content\/uploads\/2019\/03\/LUXURY.jpg');\"><div class=\"parallax_content left\"><div class='parallax_section_inner_margin clearfix'><div class=\"wpb_column vc_column_container vc_col-sm-12\"><div class=\"vc_column-inner\"><div class=\"wpb_wrapper\"><div      class=\"vc_row wpb_row section vc_row-fluid vc_inner  grid_section\" style=' text-align:left;'><div class=\"section_inner clearfix\"><div class='section_inner_margin clearfix'><div class=\"element_from_bottom\"><div style='transition-delay:2ms; -webkit-animation-delay:2ms; animation-delay:2ms;'><div class=\"wpb_column vc_column_container vc_col-sm-12\"><div class=\"vc_column-inner\"><div class=\"wpb_wrapper\">\t<div class=\"vc_empty_space\"  style=\"height: 200px\" ><span\n\t\t\tclass=\"vc_empty_space_inner\">\n\t\t\t<span class=\"empty_space_image\"  ><\/span>\n\t\t<\/span><\/div>\n\n<div class=\"custom_font_holder\" style=\"font-family: Dosis; font-size: 70px; line-height: 26px; font-style: normal; font-weight: 800; color: #ffffff; text-decoration: none; text-shadow: 1px 1px 2px rgba(0, 0, 0, 0.4); text-align: center;\">ASOCIACI\u00d3N DERECHO Y MODA<\/div>\t<div class=\"vc_empty_space\"  style=\"height: 50px\" ><span\n\t\t\tclass=\"vc_empty_space_inner\">\n\t\t\t<span class=\"empty_space_image\"  ><\/span>\n\t\t<\/span><\/div>\n\n<div class=\"separator  normal\" style=\"background-color: #ffffff;\"><\/div>\n\t<div class=\"vc_empty_space\"  style=\"height: 50px\" ><span\n\t\t\tclass=\"vc_empty_space_inner\">\n\t\t\t<span class=\"empty_space_image\"  ><\/span>\n\t\t<\/span><\/div>\n\n<div class=\"custom_font_holder\" style=\"font-family: Dosis; font-size: 70px; line-height: 26px; font-style: normal; font-weight: 800; color: #ffffff; text-decoration: none; text-shadow: 1px 1px 2px rgba(0, 0, 0, 0.4); text-align: center;\">ASSOCIA\u00c7\u00c3O DIREITO DA MODA<\/div>\t<div class=\"vc_empty_space\"  style=\"height: 200px\" ><span\n\t\t\tclass=\"vc_empty_space_inner\">\n\t\t\t<span class=\"empty_space_image\"  ><\/span>\n\t\t<\/span><\/div>\n\n<\/div><\/div><\/div><\/div><\/div><\/div><\/div><\/div><\/div><\/div><\/div><\/div><\/div><\/section>","protected":false},"excerpt":{"rendered":"Art\u00edculo 1. Constituci\u00f3n de la Asociaci\u00f3n Con la denominaci\u00f3n \u201cASOCIACION DE EXPERTOS EN DERECHO DE LA MODA - AEDM\u201d(en adelante \u201cLa Asociaci\u00f3n\u201d) se constituye una Asociaci\u00f3n al amparo de la Ley Org\u00e1nica 1\/2002, de 22 de marzo, reguladora del Derecho de Asociaci\u00f3n y normas complementarias,...","protected":false},"author":4,"featured_media":0,"parent":0,"menu_order":0,"comment_status":"closed","ping_status":"closed","template":"full_width.php","meta":{"_mc_calendar":[],"footnotes":""},"class_list":["post-15442","page","type-page","status-publish","hentry"],"_links":{"self":[{"href":"https:\/\/asociacionderechoymoda.com\/pt\/wp-json\/wp\/v2\/pages\/15442","targetHints":{"allow":["GET"]}}],"collection":[{"href":"https:\/\/asociacionderechoymoda.com\/pt\/wp-json\/wp\/v2\/pages"}],"about":[{"href":"https:\/\/asociacionderechoymoda.com\/pt\/wp-json\/wp\/v2\/types\/page"}],"author":[{"embeddable":true,"href":"https:\/\/asociacionderechoymoda.com\/pt\/wp-json\/wp\/v2\/users\/4"}],"replies":[{"embeddable":true,"href":"https:\/\/asociacionderechoymoda.com\/pt\/wp-json\/wp\/v2\/comments?post=15442"}],"version-history":[{"count":1,"href":"https:\/\/asociacionderechoymoda.com\/pt\/wp-json\/wp\/v2\/pages\/15442\/revisions"}],"predecessor-version":[{"id":17548,"href":"https:\/\/asociacionderechoymoda.com\/pt\/wp-json\/wp\/v2\/pages\/15442\/revisions\/17548"}],"wp:attachment":[{"href":"https:\/\/asociacionderechoymoda.com\/pt\/wp-json\/wp\/v2\/media?parent=15442"}],"curies":[{"name":"wp","href":"https:\/\/api.w.org\/{rel}","templated":true}]}}