{"id":16384,"date":"2019-04-04T15:02:19","date_gmt":"2019-04-04T15:02:19","guid":{"rendered":"https:\/\/asociacionderechoymoda.com\/?page_id=16384"},"modified":"2019-04-04T15:02:19","modified_gmt":"2019-04-04T15:02:19","slug":"asepri-2","status":"publish","type":"page","link":"https:\/\/asociacionderechoymoda.com\/pt\/reconocimientos\/asepri-2\/","title":{"rendered":"ASEPRI"},"content":{"rendered":"<div      class=\"vc_row wpb_row section vc_row-fluid\" style='background-color:#000000; text-align:left;'><div class=\"full_section_inner clearfix\"><div class=\"wpb_column vc_column_container vc_col-sm-12\"><div class=\"vc_column-inner\"><div class=\"wpb_wrapper\"><div      class=\"vc_row wpb_row section vc_row-fluid vc_inner\" style=' text-align:left;'><div class=\"full_section_inner clearfix\"><div class=\"element_from_left\"><div style='transition-delay:2ms; -webkit-animation-delay:2ms; animation-delay:2ms;'><div class=\"wpb_column vc_column_container vc_col-sm-4 vc_col-has-fill\"><div class=\"vc_column-inner vc_custom_1554386119419\"><div class=\"wpb_wrapper\">\n\t<div class=\"wpb_single_image wpb_content_element vc_align_left  qode_image_hover_zoom_in\">\n\t\t<div class=\"wpb_wrapper\">\n\t\t\t\n\t\t\t<div class=\"vc_single_image-wrapper vc_box_rounded  vc_box_border_grey\"><img loading=\"lazy\" decoding=\"async\" width=\"400\" height=\"400\" src=\"https:\/\/asociacionderechoymoda.com\/wp-content\/uploads\/2019\/04\/asepri.png\" class=\"vc_single_image-img attachment-large\" alt=\"\" srcset=\"https:\/\/asociacionderechoymoda.com\/wp-content\/uploads\/2019\/04\/asepri.png 400w, https:\/\/asociacionderechoymoda.com\/wp-content\/uploads\/2019\/04\/asepri-300x300.png 300w, https:\/\/asociacionderechoymoda.com\/wp-content\/uploads\/2019\/04\/asepri-100x100.png 100w, https:\/\/asociacionderechoymoda.com\/wp-content\/uploads\/2019\/04\/asepri-150x150.png 150w\" sizes=\"auto, (max-width: 400px) 100vw, 400px\" \/><\/div>\n\t\t<\/div>\n\t<\/div>\n\t<div class=\"vc_empty_space\"  style=\"height: 100px\" ><span\n\t\t\tclass=\"vc_empty_space_inner\">\n\t\t\t<span class=\"empty_space_image\"  ><\/span>\n\t\t<\/span><\/div>\n\n<\/div><\/div><\/div><div class=\"wpb_column vc_column_container vc_col-sm-8\"><div class=\"vc_column-inner\"><div class=\"wpb_wrapper\">\t<div class=\"vc_empty_space\"  style=\"height: 32px\" ><span\n\t\t\tclass=\"vc_empty_space_inner\">\n\t\t\t<span class=\"empty_space_image\"  ><\/span>\n\t\t<\/span><\/div>\n\n\n\t<div class=\"wpb_text_column wpb_content_element\">\n\t\t<div class=\"wpb_wrapper\">\n\t\t\t<h1 class=\"q_team_name\"><span style=\"color: #eeee22;\">ASEPRI<\/span><\/h1>\n\n\t\t<\/div> \n\t<\/div> \t<div class=\"vc_empty_space\"  style=\"height: 32px\" ><span\n\t\t\tclass=\"vc_empty_space_inner\">\n\t\t\t<span class=\"empty_space_image\"  ><\/span>\n\t\t<\/span><\/div>\n\n<div class=\"separator  normal\" style=\"background-color: #ffffff;\"><\/div>\n\t<div class=\"vc_empty_space\"  style=\"height: 32px\" ><span\n\t\t\tclass=\"vc_empty_space_inner\">\n\t\t\t<span class=\"empty_space_image\"  ><\/span>\n\t\t<\/span><\/div>\n\n\n\t<div class=\"wpb_text_column wpb_content_element\">\n\t\t<div class=\"wpb_wrapper\">\n\t\t\t<p><span style=\"color: #ffffff;\">Es la ASOCIACI\u00d3N ESPA\u00d1OLA DE PRODUCTOS PARA LA INFANCIA y referente asociativo nacional de los sectores de moda infantil y puericultura. La misi\u00f3n de ASEPRI es el apoyo, defensa y promoci\u00f3n del sector de productos para la infancia. Tras 25 a\u00f1os de experiencia, ofrecemos a las empresas las mejores herramientas para impulsar su PROMOCI\u00d3N e INTERNACIONALIZACI\u00d3N a trav\u00e9s del fomento de la CALIDAD, el DISE\u00d1O, la INNOVACI\u00d3N y la SEGURIDAD.<\/span><\/p>\n\n\t\t<\/div> \n\t<\/div> \t<div class=\"vc_empty_space\"  style=\"height: 32px\" ><span\n\t\t\tclass=\"vc_empty_space_inner\">\n\t\t\t<span class=\"empty_space_image\"  ><\/span>\n\t\t<\/span><\/div>\n\n\n\t<div class=\"wpb_text_column wpb_content_element\">\n\t\t<div class=\"wpb_wrapper\">\n\t\t\t<h4><strong><span style=\"color: #ffffff;\">Sitio web<\/span><\/strong><\/h4>\n\n\t\t<\/div> \n\t<\/div> <div class=\"separator  small left\" style=\"background-color: #ffffff;\"><\/div>\n\t<div class=\"vc_empty_space\"  style=\"height: 10px\" ><span\n\t\t\tclass=\"vc_empty_space_inner\">\n\t\t\t<span class=\"empty_space_image\"  ><\/span>\n\t\t<\/span><\/div>\n\n<span class='q_social_icon_holder normal_social' data-color=\"#ffffff\" data-hover-color=\"#dd9933\"><a itemprop=\"url\" href=\"https:\/\/asepri.com\/es-es\/inicio-corporativo\/\" target=\"_blank\" rel=\"noopener\"><i class=\"qode_icon_font_awesome fa fa-wordpress fa-2x simple_social\" style=\"color: #ffffff;\" ><\/i><\/a><\/span>\t<div class=\"vc_empty_space\"  style=\"height: 32px\" ><span\n\t\t\tclass=\"vc_empty_space_inner\">\n\t\t\t<span class=\"empty_space_image\"  ><\/span>\n\t\t<\/span><\/div>\n\n<\/div><\/div><\/div><\/div><\/div><\/div><\/div><\/div><\/div><\/div><\/div><\/div>","protected":false},"excerpt":{"rendered":"ASEPRI Es la ASOCIACI\u00d3N ESPA\u00d1OLA DE PRODUCTOS PARA LA INFANCIA y referente asociativo nacional de los sectores de moda infantil y puericultura. La misi\u00f3n de ASEPRI es el apoyo, defensa y promoci\u00f3n del sector de productos para la infancia. Tras 25 a\u00f1os de experiencia, ofrecemos...","protected":false},"author":4,"featured_media":0,"parent":15438,"menu_order":0,"comment_status":"closed","ping_status":"closed","template":"full_width.php","meta":{"_mc_calendar":[],"footnotes":""},"class_list":["post-16384","page","type-page","status-publish","hentry"],"_links":{"self":[{"href":"https:\/\/asociacionderechoymoda.com\/pt\/wp-json\/wp\/v2\/pages\/16384","targetHints":{"allow":["GET"]}}],"collection":[{"href":"https:\/\/asociacionderechoymoda.com\/pt\/wp-json\/wp\/v2\/pages"}],"about":[{"href":"https:\/\/asociacionderechoymoda.com\/pt\/wp-json\/wp\/v2\/types\/page"}],"author":[{"embeddable":true,"href":"https:\/\/asociacionderechoymoda.com\/pt\/wp-json\/wp\/v2\/users\/4"}],"replies":[{"embeddable":true,"href":"https:\/\/asociacionderechoymoda.com\/pt\/wp-json\/wp\/v2\/comments?post=16384"}],"version-history":[{"count":0,"href":"https:\/\/asociacionderechoymoda.com\/pt\/wp-json\/wp\/v2\/pages\/16384\/revisions"}],"up":[{"embeddable":true,"href":"https:\/\/asociacionderechoymoda.com\/pt\/wp-json\/wp\/v2\/pages\/15438"}],"wp:attachment":[{"href":"https:\/\/asociacionderechoymoda.com\/pt\/wp-json\/wp\/v2\/media?parent=16384"}],"curies":[{"name":"wp","href":"https:\/\/api.w.org\/{rel}","templated":true}]}}