{"id":16393,"date":"2019-04-04T15:09:39","date_gmt":"2019-04-04T15:09:39","guid":{"rendered":"https:\/\/asociacionderechoymoda.com\/?page_id=16393"},"modified":"2019-04-04T15:09:39","modified_gmt":"2019-04-04T15:09:39","slug":"atp-2","status":"publish","type":"page","link":"https:\/\/asociacionderechoymoda.com\/pt\/reconocimientos\/atp-2\/","title":{"rendered":"ATP"},"content":{"rendered":"<div      class=\"vc_row wpb_row section vc_row-fluid\" style='background-color:#000000; text-align:left;'><div class=\"full_section_inner clearfix\"><div class=\"wpb_column vc_column_container vc_col-sm-12\"><div class=\"vc_column-inner\"><div class=\"wpb_wrapper\"><div      class=\"vc_row wpb_row section vc_row-fluid vc_inner\" style=' text-align:left;'><div class=\"full_section_inner clearfix\"><div class=\"element_from_left\"><div style='transition-delay:2ms; -webkit-animation-delay:2ms; animation-delay:2ms;'><div class=\"wpb_column vc_column_container vc_col-sm-4 vc_col-has-fill\"><div class=\"vc_column-inner vc_custom_1554386119419\"><div class=\"wpb_wrapper\">\n\t<div class=\"wpb_single_image wpb_content_element vc_align_left  qode_image_hover_zoom_in\">\n\t\t<div class=\"wpb_wrapper\">\n\t\t\t\n\t\t\t<div class=\"vc_single_image-wrapper vc_box_rounded  vc_box_border_grey\"><img loading=\"lazy\" decoding=\"async\" width=\"400\" height=\"400\" src=\"https:\/\/asociacionderechoymoda.com\/wp-content\/uploads\/2019\/04\/ATP.png\" class=\"vc_single_image-img attachment-large\" alt=\"\" srcset=\"https:\/\/asociacionderechoymoda.com\/wp-content\/uploads\/2019\/04\/ATP.png 400w, https:\/\/asociacionderechoymoda.com\/wp-content\/uploads\/2019\/04\/ATP-300x300.png 300w, https:\/\/asociacionderechoymoda.com\/wp-content\/uploads\/2019\/04\/ATP-100x100.png 100w, https:\/\/asociacionderechoymoda.com\/wp-content\/uploads\/2019\/04\/ATP-150x150.png 150w\" sizes=\"auto, (max-width: 400px) 100vw, 400px\" \/><\/div>\n\t\t<\/div>\n\t<\/div>\n\t<div class=\"vc_empty_space\"  style=\"height: 100px\" ><span\n\t\t\tclass=\"vc_empty_space_inner\">\n\t\t\t<span class=\"empty_space_image\"  ><\/span>\n\t\t<\/span><\/div>\n\n<\/div><\/div><\/div><div class=\"wpb_column vc_column_container vc_col-sm-8\"><div class=\"vc_column-inner\"><div class=\"wpb_wrapper\">\t<div class=\"vc_empty_space\"  style=\"height: 32px\" ><span\n\t\t\tclass=\"vc_empty_space_inner\">\n\t\t\t<span class=\"empty_space_image\"  ><\/span>\n\t\t<\/span><\/div>\n\n\n\t<div class=\"wpb_text_column wpb_content_element\">\n\t\t<div class=\"wpb_wrapper\">\n\t\t\t<h1 class=\"q_team_name\"><span style=\"color: #eeee22;\">ATP<\/span><\/h1>\n\n\t\t<\/div> \n\t<\/div> \t<div class=\"vc_empty_space\"  style=\"height: 32px\" ><span\n\t\t\tclass=\"vc_empty_space_inner\">\n\t\t\t<span class=\"empty_space_image\"  ><\/span>\n\t\t<\/span><\/div>\n\n<div class=\"separator  normal\" style=\"background-color: #ffffff;\"><\/div>\n\t<div class=\"vc_empty_space\"  style=\"height: 32px\" ><span\n\t\t\tclass=\"vc_empty_space_inner\">\n\t\t\t<span class=\"empty_space_image\"  ><\/span>\n\t\t<\/span><\/div>\n\n\n\t<div class=\"wpb_text_column wpb_content_element\">\n\t\t<div class=\"wpb_wrapper\">\n\t\t\t<p><span style=\"color: #ffffff;\">\u00e9 uma Associa\u00e7\u00e3o Patronal, de \u00e2mbito nacional, que agrupa cerca de 500 empresas, as quais asseguram cerca de 35 mil postos de trabalho e quase 3.000 milh\u00f5es de euros de fatura\u00e7\u00e3o, sendo dois ter\u00e7os desse valor destinado aos mercados de exporta\u00e7\u00e3o. A \u201cATP\u201d resultou da fus\u00e3o da APIM (Associa\u00e7\u00e3o Portuguesa das Ind\u00fastrias de Malha e de Confec\u00e7\u00e3o) e da APT (Associa\u00e7\u00e3o Portuguesa dos T\u00eaxteis e Vestu\u00e1rio), realizada em Julho de 2003, tornando-se a maior organiza\u00e7\u00e3o representativa do Sector T\u00eaxtil e do Vestu\u00e1rio portugu\u00eas e uma das mais importantes em termos europeus, coincidindo com o destaque que a Ind\u00fastria T\u00eaxtil e do Vestu\u00e1rio ainda tem em Portugal, j\u00e1 que assegura cerca de 11 % do VAB e 20% do emprego na ind\u00fastria transformadora, 5.063 milh\u00f5es de Euros exportados, 10% do total nacional. Mais recentemente, a ATP realizou mais uma fus\u00e3o, desta feita com a ANET \u2013 Associa\u00e7\u00e3o Nacional das Empresas T\u00eaxteis (antigos Grossistas T\u00eaxteis), dando assim continuidade \u00e0 sua estrat\u00e9gia de concentra\u00e7\u00e3o e refor\u00e7o do associativismo do Sector, garantindo assim a representatividade de todas as atividades da fileira, das atividades industriais a montante e jusante aos servi\u00e7os, com especial destaque, neste caso, para a distribui\u00e7\u00e3o t\u00eaxtil e do vestu\u00e1rio.<\/span><\/p>\n\n\t\t<\/div> \n\t<\/div> \t<div class=\"vc_empty_space\"  style=\"height: 32px\" ><span\n\t\t\tclass=\"vc_empty_space_inner\">\n\t\t\t<span class=\"empty_space_image\"  ><\/span>\n\t\t<\/span><\/div>\n\n\n\t<div class=\"wpb_text_column wpb_content_element\">\n\t\t<div class=\"wpb_wrapper\">\n\t\t\t<h4><strong><span style=\"color: #ffffff;\">Sitio web<\/span><\/strong><\/h4>\n\n\t\t<\/div> \n\t<\/div> <div class=\"separator  small left\" style=\"background-color: #ffffff;\"><\/div>\n\t<div class=\"vc_empty_space\"  style=\"height: 10px\" ><span\n\t\t\tclass=\"vc_empty_space_inner\">\n\t\t\t<span class=\"empty_space_image\"  ><\/span>\n\t\t<\/span><\/div>\n\n<span class='q_social_icon_holder normal_social' data-color=\"#ffffff\" data-hover-color=\"#dd9933\"><a itemprop=\"url\" href=\"http:\/\/www.atp.pt\/home.php\" target=\"_blank\" rel=\"noopener\"><i class=\"qode_icon_font_awesome fa fa-wordpress fa-2x simple_social\" style=\"color: #ffffff;\" ><\/i><\/a><\/span>\t<div class=\"vc_empty_space\"  style=\"height: 32px\" ><span\n\t\t\tclass=\"vc_empty_space_inner\">\n\t\t\t<span class=\"empty_space_image\"  ><\/span>\n\t\t<\/span><\/div>\n\n<\/div><\/div><\/div><\/div><\/div><\/div><\/div><\/div><\/div><\/div><\/div><\/div>","protected":false},"excerpt":{"rendered":"ATP \u00e9 uma Associa\u00e7\u00e3o Patronal, de \u00e2mbito nacional, que agrupa cerca de 500 empresas, as quais asseguram cerca de 35 mil postos de trabalho e quase 3.000 milh\u00f5es de euros de fatura\u00e7\u00e3o, sendo dois ter\u00e7os desse valor destinado aos mercados de exporta\u00e7\u00e3o. A \u201cATP\u201d resultou...","protected":false},"author":4,"featured_media":0,"parent":15438,"menu_order":0,"comment_status":"closed","ping_status":"closed","template":"full_width.php","meta":{"_mc_calendar":[],"footnotes":""},"class_list":["post-16393","page","type-page","status-publish","hentry"],"_links":{"self":[{"href":"https:\/\/asociacionderechoymoda.com\/pt\/wp-json\/wp\/v2\/pages\/16393","targetHints":{"allow":["GET"]}}],"collection":[{"href":"https:\/\/asociacionderechoymoda.com\/pt\/wp-json\/wp\/v2\/pages"}],"about":[{"href":"https:\/\/asociacionderechoymoda.com\/pt\/wp-json\/wp\/v2\/types\/page"}],"author":[{"embeddable":true,"href":"https:\/\/asociacionderechoymoda.com\/pt\/wp-json\/wp\/v2\/users\/4"}],"replies":[{"embeddable":true,"href":"https:\/\/asociacionderechoymoda.com\/pt\/wp-json\/wp\/v2\/comments?post=16393"}],"version-history":[{"count":0,"href":"https:\/\/asociacionderechoymoda.com\/pt\/wp-json\/wp\/v2\/pages\/16393\/revisions"}],"up":[{"embeddable":true,"href":"https:\/\/asociacionderechoymoda.com\/pt\/wp-json\/wp\/v2\/pages\/15438"}],"wp:attachment":[{"href":"https:\/\/asociacionderechoymoda.com\/pt\/wp-json\/wp\/v2\/media?parent=16393"}],"curies":[{"name":"wp","href":"https:\/\/api.w.org\/{rel}","templated":true}]}}