{"id":17004,"date":"2021-02-04T09:36:59","date_gmt":"2021-02-04T09:36:59","guid":{"rendered":"https:\/\/asociacionderechoymoda.com\/my-calendar\/"},"modified":"2021-02-04T09:36:59","modified_gmt":"2021-02-04T09:36:59","slug":"my-calendar","status":"publish","type":"page","link":"https:\/\/asociacionderechoymoda.com\/pt\/my-calendar\/","title":{"rendered":"My Calendar"},"content":{"rendered":"<div id=\"my-calendar\" class=\"mc-main mcjs listjs gridjs minijs ajaxjs twentytwentytwo calendar month my-calendar\" ><h2 id=\"mc_head_my-calendar\" class=\"heading my-calendar-month\"><span>Events in Abril 2026\n<\/span><\/h2>\n\n<nav aria-label=\"Calendar (top)\">\n<div class=\"my-calendar-header\"><div class='mc-format'><a id='mc_list-my-calendar' href='https:\/\/asociacionderechoymoda.com\/pt\/my-calendar\/?format=list' class='list'><span class=\"maybe-hide\">Ver como <\/span>Lista<\/a><\/div><div class='mc-time'><span id='mc_month-my-calendar' class='mc-active month' tabindex='-1'>M\u00eas<\/span><a id='mc_week-my-calendar'  href='https:\/\/asociacionderechoymoda.com\/pt\/my-calendar\/?time=week&#038;dy=20&#038;month=4' class='week'>Semana<\/a><a id='mc_day-my-calendar'  href='https:\/\/asociacionderechoymoda.com\/pt\/my-calendar\/?time=day' class='day'>Dia<\/a><\/div><div class=\"my-calendar-date-switcher\"><form class=\"mc-date-switcher\" action=\"https:\/\/asociacionderechoymoda.com\/pt\/wp-json\/wp\/v2\/pages\/17004\/\" method=\"get\" data-trp-original-action=\"https:\/\/asociacionderechoymoda.com\/pt\/wp-json\/wp\/v2\/pages\/17004\/\"><div><input type=\"hidden\" name=\"cid\" value=\"my-calendar\" \/> <label class=\"maybe-hide\" for=\"my-calendar-month\">M\u00eas<\/label> <select id=\"my-calendar-month\" name=\"month\">\n<option value='1'>Janeiro<\/option>\n<option value='2'>Fevereiro<\/option>\n<option value='3'>Mar\u00e7o<\/option>\n<option value='4' selected='selected'>Abril<\/option>\n<option value='5'>Maio<\/option>\n<option value='6'>Junho<\/option>\n<option value='7'>Julho<\/option>\n<option value='8'>Agosto<\/option>\n<option value='9'>Setembro<\/option>\n<option value='10'>Outubro<\/option>\n<option value='11'>Novembro<\/option>\n<option value='12'>Dezembro<\/option>\n<\/select>\n <label class=\"maybe-hide\" for=\"my-calendar-year\">Ano<\/label> <select id=\"my-calendar-year\" name=\"yr\">\n<option value=\"2021\">2021<\/option>\n<option value=\"2022\">2022<\/option>\n<option value=\"2023\">2023<\/option>\n<option value=\"2024\">2024<\/option>\n<option value=\"2025\">2025<\/option>\n<option value=\"2026\" selected='selected'>2026<\/option>\n<option value=\"2027\">2027<\/option>\n<option value=\"2028\">2028<\/option>\n<option value=\"2029\">2029<\/option>\n<option value=\"2030\">2030<\/option>\n<\/select> <input type=\"submit\" class=\"button\" data-href=\"https:\/\/asociacionderechoymoda.com\/pt\/wp-json\/wp\/v2\/pages\/17004\/\" value=\"Ir\" \/><\/div><input type=\"hidden\" name=\"trp-form-language\" value=\"pt\"\/><\/form><\/div>\r\n\t\t<div class=\"my-calendar-nav\">\r\n\t\t\t<ul>\r\n\t\t\t\t<li class=\"my-calendar-prev\"><a id=\"mc_previous_my-calendar\" href=\"https:\/\/asociacionderechoymoda.com\/pt\/my-calendar\/?yr=2026&#038;month=3&#038;dy&#038;cid=my-calendar\" rel=\"nofollow\"><span class=\"maybe-hide\">Anterior<\/span><\/a><\/li><li class=\"my-calendar-today\"><span class=\"mc-active\" id=\"mc_today_my-calendar\" tabindex=\"-1\">Hoje<\/span><\/li><li class=\"my-calendar-next\"><a id=\"mc_next_my-calendar\" href=\"https:\/\/asociacionderechoymoda.com\/pt\/my-calendar\/?yr=2026&#038;month=5&#038;dy&#038;cid=my-calendar\" rel=\"nofollow\"><span class=\"maybe-hide\">Pr\u00f3ximo<\/span><\/a><\/li>\r\n\t\t\t<\/ul>\r\n\t\t<\/div><\/div>\n<\/nav>\n<div class=\"mc-content\">\n<table class='my-calendar-table' aria-labelledby='mc_head_my-calendar'>\n<thead>\n\t<tr class='mc-row'>\n\t\t<th scope=\"col\" class='day-heading mon'><abbr title=\"Segunda-feira\" aria-hidden=\"true\">Seg<\/abbr><span class=\"screen-reader-text\">Segunda-feira<\/span><\/th>\n\t\t<th scope=\"col\" class='day-heading tues'><abbr title=\"Ter\u00e7a-feira\" aria-hidden=\"true\">Ter<\/abbr><span class=\"screen-reader-text\">Ter\u00e7a-feira<\/span><\/th>\n\t\t<th scope=\"col\" class='day-heading wed'><abbr title=\"Quarta-feira\" aria-hidden=\"true\">Qua<\/abbr><span class=\"screen-reader-text\">Quarta-feira<\/span><\/th>\n\t\t<th scope=\"col\" class='day-heading thur'><abbr title=\"Quinta-feira\" aria-hidden=\"true\">Qui<\/abbr><span class=\"screen-reader-text\">Quinta-feira<\/span><\/th>\n\t\t<th scope=\"col\" class='day-heading fri'><abbr title=\"Sexta-feira\" aria-hidden=\"true\">Sex<\/abbr><span class=\"screen-reader-text\">Sexta-feira<\/span><\/th>\n\t\t<th scope=\"col\" class='weekend-heading sat'><abbr title=\"S\u00e1bado\" aria-hidden=\"true\">S\u00e1b<\/abbr><span class=\"screen-reader-text\">S\u00e1bado<\/span><\/th>\n\t\t<th scope=\"col\" class='weekend-heading sun'><abbr title=\"Domingo\" aria-hidden=\"true\">Dom<\/abbr><span class=\"screen-reader-text\">Domingo<\/span><\/th>\n\t<\/tr>\n<\/thead>\n<tbody>\n<tr class='mc-row'><td class='no-events segunda-feira seg past-day past-date  nextmonth no-events day-with-date'><div class='mc-date-container'><span class='mc-date no-events'><span aria-hidden='true'>30<\/span><span class='screen-reader-text'>30 Mar\u00e7o, 2026<\/span><\/span><\/div>\n<\/td>\n<td class='no-events tera-feira ter past-day past-date  nextmonth no-events day-with-date'><div class='mc-date-container'><span class='mc-date no-events'><span aria-hidden='true'>31<\/span><span class='screen-reader-text'>31 Mar\u00e7o, 2026<\/span><\/span><\/div>\n<\/td>\n<td class='no-events quarta-feira qua past-day past-date   no-events day-with-date'><div class='mc-date-container'><span class='mc-date no-events'><span aria-hidden='true'>1<\/span><span class='screen-reader-text'>1 Abril, 2026<\/span><\/span><\/div>\n<\/td>\n<td class='no-events quinta-feira qui past-day past-date   no-events day-with-date'><div class='mc-date-container'><span class='mc-date no-events'><span aria-hidden='true'>2<\/span><span class='screen-reader-text'>2 Abril, 2026<\/span><\/span><\/div>\n<\/td>\n<td class='no-events sexta-feira sex past-day past-date   no-events day-with-date'><div class='mc-date-container'><span class='mc-date no-events'><span aria-hidden='true'>3<\/span><span class='screen-reader-text'>3 Abril, 2026<\/span><\/span><\/div>\n<\/td>\n<td class='no-events sbado sb past-day past-date weekend  no-events day-with-date'><div class='mc-date-container'><span class='mc-date no-events'><span aria-hidden='true'>4<\/span><span class='screen-reader-text'>4 Abril, 2026<\/span><\/span><\/div>\n<\/td>\n<td class='no-events domingo dom past-day past-date weekend  no-events day-with-date'><div class='mc-date-container'><span class='mc-date no-events'><span aria-hidden='true'>5<\/span><span class='screen-reader-text'>5 Abril, 2026<\/span><\/span><\/div>\n<\/td>\n<\/tr>\n<!-- End Event Row -->\n<tr class='mc-row'><td class='no-events segunda-feira seg past-day past-date   no-events day-with-date'><div class='mc-date-container'><span class='mc-date no-events'><span aria-hidden='true'>6<\/span><span class='screen-reader-text'>6 Abril, 2026<\/span><\/span><\/div>\n<\/td>\n<td class='no-events tera-feira ter past-day past-date   no-events day-with-date'><div class='mc-date-container'><span class='mc-date no-events'><span aria-hidden='true'>7<\/span><span class='screen-reader-text'>7 Abril, 2026<\/span><\/span><\/div>\n<\/td>\n<td class='no-events quarta-feira qua past-day past-date   no-events day-with-date'><div class='mc-date-container'><span class='mc-date no-events'><span aria-hidden='true'>8<\/span><span class='screen-reader-text'>8 Abril, 2026<\/span><\/span><\/div>\n<\/td>\n<td class='no-events quinta-feira qui past-day past-date   no-events day-with-date'><div class='mc-date-container'><span class='mc-date no-events'><span aria-hidden='true'>9<\/span><span class='screen-reader-text'>9 Abril, 2026<\/span><\/span><\/div>\n<\/td>\n<td class='no-events sexta-feira sex past-day past-date   no-events day-with-date'><div class='mc-date-container'><span class='mc-date no-events'><span aria-hidden='true'>10<\/span><span class='screen-reader-text'>10 Abril, 2026<\/span><\/span><\/div>\n<\/td>\n<td class='no-events sbado sb past-day past-date weekend  no-events day-with-date'><div class='mc-date-container'><span class='mc-date no-events'><span aria-hidden='true'>11<\/span><span class='screen-reader-text'>11 Abril, 2026<\/span><\/span><\/div>\n<\/td>\n<td class='no-events domingo dom past-day past-date weekend  no-events day-with-date'><div class='mc-date-container'><span class='mc-date no-events'><span aria-hidden='true'>12<\/span><span class='screen-reader-text'>12 Abril, 2026<\/span><\/span><\/div>\n<\/td>\n<\/tr>\n<!-- End Event Row -->\n<tr class='mc-row'><td class='no-events segunda-feira seg past-day past-date   no-events day-with-date'><div class='mc-date-container'><span class='mc-date no-events'><span aria-hidden='true'>13<\/span><span class='screen-reader-text'>13 Abril, 2026<\/span><\/span><\/div>\n<\/td>\n<td class='no-events tera-feira ter past-day past-date   no-events day-with-date'><div class='mc-date-container'><span class='mc-date no-events'><span aria-hidden='true'>14<\/span><span class='screen-reader-text'>14 Abril, 2026<\/span><\/span><\/div>\n<\/td>\n<td class='no-events quarta-feira qua past-day past-date   no-events day-with-date'><div class='mc-date-container'><span class='mc-date no-events'><span aria-hidden='true'>15<\/span><span class='screen-reader-text'>15 Abril, 2026<\/span><\/span><\/div>\n<\/td>\n<td class='no-events quinta-feira qui past-day past-date   no-events day-with-date'><div class='mc-date-container'><span class='mc-date no-events'><span aria-hidden='true'>16<\/span><span class='screen-reader-text'>16 Abril, 2026<\/span><\/span><\/div>\n<\/td>\n<td class='no-events sexta-feira sex past-day past-date   no-events day-with-date'><div class='mc-date-container'><span class='mc-date no-events'><span aria-hidden='true'>17<\/span><span class='screen-reader-text'>17 Abril, 2026<\/span><\/span><\/div>\n<\/td>\n<td class='no-events sbado sb past-day past-date weekend  no-events day-with-date'><div class='mc-date-container'><span class='mc-date no-events'><span aria-hidden='true'>18<\/span><span class='screen-reader-text'>18 Abril, 2026<\/span><\/span><\/div>\n<\/td>\n<td class='no-events domingo dom past-day past-date weekend  no-events day-with-date'><div class='mc-date-container'><span class='mc-date no-events'><span aria-hidden='true'>19<\/span><span class='screen-reader-text'>19 Abril, 2026<\/span><\/span><\/div>\n<\/td>\n<\/tr>\n<!-- End Event Row -->\n<tr class='mc-row'><td class='no-events segunda-feira seg past-day past-date   no-events day-with-date'><div class='mc-date-container'><span class='mc-date no-events'><span aria-hidden='true'>20<\/span><span class='screen-reader-text'>20 Abril, 2026<\/span><\/span><\/div>\n<\/td>\n<td class='no-events tera-feira ter past-day past-date   no-events day-with-date'><div class='mc-date-container'><span class='mc-date no-events'><span aria-hidden='true'>21<\/span><span class='screen-reader-text'>21 Abril, 2026<\/span><\/span><\/div>\n<\/td>\n<td class='no-events quarta-feira qua past-day past-date   no-events day-with-date'><div class='mc-date-container'><span class='mc-date no-events'><span aria-hidden='true'>22<\/span><span class='screen-reader-text'>22 Abril, 2026<\/span><\/span><\/div>\n<\/td>\n<td class='no-events quinta-feira qui past-day past-date   no-events day-with-date'><div class='mc-date-container'><span class='mc-date no-events'><span aria-hidden='true'>23<\/span><span class='screen-reader-text'>23 Abril, 2026<\/span><\/span><\/div>\n<\/td>\n<td class='no-events sexta-feira sex past-day past-date   no-events day-with-date'><div class='mc-date-container'><span class='mc-date no-events'><span aria-hidden='true'>24<\/span><span class='screen-reader-text'>24 Abril, 2026<\/span><\/span><\/div>\n<\/td>\n<td class='no-events sbado sb past-day past-date weekend  no-events day-with-date'><div class='mc-date-container'><span class='mc-date no-events'><span aria-hidden='true'>25<\/span><span class='screen-reader-text'>25 Abril, 2026<\/span><\/span><\/div>\n<\/td>\n<td aria-current=\"date\" class='no-events domingo dom current-day weekend  no-events day-with-date'><div class='mc-date-container'><span class='mc-date no-events'><span aria-hidden='true'>26<\/span><span class='screen-reader-text'>26 Abril, 2026<\/span><\/span><\/div>\n<\/td>\n<\/tr>\n<!-- End Event Row -->\n<tr class='mc-row'><td class='no-events segunda-feira seg future-day   no-events day-with-date'><div class='mc-date-container'><span class='mc-date no-events'><span aria-hidden='true'>27<\/span><span class='screen-reader-text'>27 Abril, 2026<\/span><\/span><\/div>\n<\/td>\n<td class='no-events tera-feira ter future-day   no-events day-with-date'><div class='mc-date-container'><span class='mc-date no-events'><span aria-hidden='true'>28<\/span><span class='screen-reader-text'>28 Abril, 2026<\/span><\/span><\/div>\n<\/td>\n<td class='no-events quarta-feira qua future-day   no-events day-with-date'><div class='mc-date-container'><span class='mc-date no-events'><span aria-hidden='true'>29<\/span><span class='screen-reader-text'>29 Abril, 2026<\/span><\/span><\/div>\n<\/td>\n<td class='no-events quinta-feira qui future-day   no-events day-with-date'><div class='mc-date-container'><span class='mc-date no-events'><span aria-hidden='true'>30<\/span><span class='screen-reader-text'>30 Abril, 2026<\/span><\/span><\/div>\n<\/td>\n<td class='no-events sexta-feira sex future-day  nextmonth no-events day-with-date'><div class='mc-date-container'><span class='mc-date no-events'><span aria-hidden='true'>1<\/span><span class='screen-reader-text'>1 Maio, 2026<\/span><\/span><\/div>\n<\/td>\n<td class='no-events sbado sb future-day weekend nextmonth no-events day-with-date'><div class='mc-date-container'><span class='mc-date no-events'><span aria-hidden='true'>2<\/span><span class='screen-reader-text'>2 Maio, 2026<\/span><\/span><\/div>\n<\/td>\n<td class='no-events domingo dom future-day weekend nextmonth no-events day-with-date'><div class='mc-date-container'><span class='mc-date no-events'><span aria-hidden='true'>3<\/span><span class='screen-reader-text'>3 Maio, 2026<\/span><\/span><\/div>\n<\/td>\n<\/tr>\n<!-- End Event Row -->\n\n<\/tbody>\n<\/table><\/div><!-- .mc-content -->\n<nav aria-label=\"Calendar (bottom)\">\n<div class=\"mc_bottomnav my-calendar-footer\"><div class=\"category-key has-icons\"><h3 class=\"maybe-hide\">Categorias<\/h3>\n<ul>\n<li class=\"cat_general\"><a id=\"mc_cat_1-my-calendar\" href=\"https:\/\/asociacionderechoymoda.com\/pt\/my-calendar\/?mcat=1\"><span class=\"category-color-sample svg\" style=\"background:#ffffcc;\"><svg style=\"fill:#000000\" focusable=\"false\" role=\"img\" aria-labelledby=\"cat_1\" class=\"category-icon\" xmlns=\"http:\/\/www.w3.org\/2000\/svg\" viewbox=\"0 0 448 512\"><!-- Font Awesome Free 5.15.3 by @fontawesome - https:\/\/fontawesome.com License - https:\/\/fontawesome.com\/license\/free (Icons: CC BY 4.0, Fonts: SIL OFL 1.1, Code: MIT License) --><title id='cat_1'>General<\/title><path d=\"M12 192h424c6.6 0 12 5.4 12 12v260c0 26.5-21.5 48-48 48H48c-26.5 0-48-21.5-48-48V204c0-6.6 5.4-12 12-12zm436-44v-36c0-26.5-21.5-48-48-48h-48V12c0-6.6-5.4-12-12-12h-40c-6.6 0-12 5.4-12 12v52H160V12c0-6.6-5.4-12-12-12h-40c-6.6 0-12 5.4-12 12v52H48C21.5 64 0 85.5 0 112v36c0 6.6 5.4 12 12 12h424c6.6 0 12-5.4 12-12z\"\/><\/svg><\/span>General<\/a><\/li><li class='all-categories'><span class='mc-active' id='mc_cat_all-my-calendar' tabindex='-1'>Todas as categorias<\/span><\/li><\/ul><\/div><div class='mc-print'><a id='mc_print-my-calendar' href='https:\/\/asociacionderechoymoda.com\/pt?time=month&#038;yr=2026&#038;month=04&#038;dy=1&#038;href=https%3A%2F%2Fasociacionderechoymoda.com%2Fpt%2Fwp-json%2Fwp%2Fv2%2Fpages%2F17004%2F&#038;cid=mc-print-view'>Print<span class=\"maybe-hide\"> View<\/span><\/a><\/div><\/div>\n<\/nav>\n\r\n<\/div>","protected":false},"excerpt":{"rendered":"Events in Abril 2026 Ver como ListaM\u00easSemanaDia M\u00eas Janeiro Fevereiro Mar\u00e7o Abril Maio Junho Julho Agosto Setembro Outubro Novembro Dezembro Ano 2021 2022 2023 2024 2025 2026 2027 2028 2029 2030 AnteriorHojePr\u00f3ximo SegSegunda-feira TerTer\u00e7a-feira QuaQuarta-feira QuiQuinta-feira SexSexta-feira S\u00e1bS\u00e1bado DomDomingo 3030 Mar\u00e7o, 2026 3131 Mar\u00e7o, 2026...","protected":false},"author":4,"featured_media":0,"parent":0,"menu_order":0,"comment_status":"closed","ping_status":"closed","template":"","meta":{"_mc_calendar":[],"footnotes":""},"class_list":["post-17004","page","type-page","status-publish","hentry"],"_links":{"self":[{"href":"https:\/\/asociacionderechoymoda.com\/pt\/wp-json\/wp\/v2\/pages\/17004","targetHints":{"allow":["GET"]}}],"collection":[{"href":"https:\/\/asociacionderechoymoda.com\/pt\/wp-json\/wp\/v2\/pages"}],"about":[{"href":"https:\/\/asociacionderechoymoda.com\/pt\/wp-json\/wp\/v2\/types\/page"}],"author":[{"embeddable":true,"href":"https:\/\/asociacionderechoymoda.com\/pt\/wp-json\/wp\/v2\/users\/4"}],"replies":[{"embeddable":true,"href":"https:\/\/asociacionderechoymoda.com\/pt\/wp-json\/wp\/v2\/comments?post=17004"}],"version-history":[{"count":1,"href":"https:\/\/asociacionderechoymoda.com\/pt\/wp-json\/wp\/v2\/pages\/17004\/revisions"}],"predecessor-version":[{"id":17005,"href":"https:\/\/asociacionderechoymoda.com\/pt\/wp-json\/wp\/v2\/pages\/17004\/revisions\/17005"}],"wp:attachment":[{"href":"https:\/\/asociacionderechoymoda.com\/pt\/wp-json\/wp\/v2\/media?parent=17004"}],"curies":[{"name":"wp","href":"https:\/\/api.w.org\/{rel}","templated":true}]}}