{"id":16894,"date":"2021-01-12T11:02:04","date_gmt":"2021-01-12T11:02:04","guid":{"rendered":"https:\/\/asociacionderechoymoda.com\/?post_type=product&#038;p=16894"},"modified":"2021-01-14T16:45:09","modified_gmt":"2021-01-14T16:45:09","slug":"hacer-negocios-en-argentina","status":"publish","type":"product","link":"https:\/\/asociacionderechoymoda.com\/pt\/product\/hacer-negocios-en-argentina\/","title":{"rendered":"HACER NEGOCIOS EN ARGENTINA"},"content":{"rendered":"<p>La presente gu\u00eda elaborada por el despacho<strong> Miltrani Caballero Ruiz Moreno\u00a0 para la Asociaci\u00f3n de Expertos en Derecho de la moda<\/strong>, aborda las cuestiones m\u00e1s relevantes que han de ser tenidas en cuenta en la industria de la moda y del lujo por toda persona o entidad que desee realizar negocios con Argentina. Convirti\u00e9ndose este documento en una herramienta imprescindible para todas aquellas personas interesadas en el <strong>Derecho de la moda o Fashion Law y quieran conocer las principales cuestiones jur\u00eddicas a tener en cuenta para operar en Argentina.<\/strong><\/p>\n<p>&nbsp;<\/p>\n<p>Esta gu\u00eda de negocios ha sido desarrollada por el Estudio Jur\u00eddico Mitrani, Caballero Ruiz Moreno, con la introducci\u00f3n y colaboraci\u00f3n de Carolina Albanese en lo referente a los negocios en la Industria de la Moda, siendo una referente en Fashion Law del pa\u00eds. Esta gu\u00eda representa material informativo y no constituye asesoramiento legal ni publicidad.<\/p>","protected":false},"excerpt":{"rendered":"<p>La presente gu\u00eda elaborada por el despacho<strong> Miltrani Caballero Ruiz Moreno\u00a0 para la Asociaci\u00f3n de Expertos en Derecho de la moda<\/strong>, aborda las cuestiones m\u00e1s relevantes que han de ser tenidas en cuenta en la industria de la moda y del lujo por toda persona o entidad que desee realizar negocios con Argentina. Convirti\u00e9ndose este documento en una herramienta imprescindible para todas aquellas personas interesadas en el <strong>Derecho de la moda o Fashion Law y quieran conocer las principales cuestiones jur\u00eddicas a tener en cuenta para operar en Argentina.<\/strong><\/p>\n<p>&nbsp;<\/p>\n<p>Esta gu\u00eda de negocios ha sido desarrollada por el Estudio Jur\u00eddico Mitrani, Caballero Ruiz Moreno, con la introducci\u00f3n y colaboraci\u00f3n de Carolina Albanese en lo referente a los negocios en la Industria de la Moda, siendo una referente en Fashion Law del pa\u00eds. Esta gu\u00eda representa material informativo y no constituye asesoramiento legal ni publicidad.<\/p>","protected":false},"featured_media":16985,"template":"","meta":[],"product_cat":[141],"product_tag":[],"class_list":["post-16894","product","type-product","status-publish","has-post-thumbnail","hentry","product_cat-guias"],"_links":{"self":[{"href":"https:\/\/asociacionderechoymoda.com\/pt\/wp-json\/wp\/v2\/product\/16894","targetHints":{"allow":["GET"]}}],"collection":[{"href":"https:\/\/asociacionderechoymoda.com\/pt\/wp-json\/wp\/v2\/product"}],"about":[{"href":"https:\/\/asociacionderechoymoda.com\/pt\/wp-json\/wp\/v2\/types\/product"}],"wp:featuredmedia":[{"embeddable":true,"href":"https:\/\/asociacionderechoymoda.com\/pt\/wp-json\/wp\/v2\/media\/16985"}],"wp:attachment":[{"href":"https:\/\/asociacionderechoymoda.com\/pt\/wp-json\/wp\/v2\/media?parent=16894"}],"wp:term":[{"taxonomy":"product_cat","embeddable":true,"href":"https:\/\/asociacionderechoymoda.com\/pt\/wp-json\/wp\/v2\/product_cat?post=16894"},{"taxonomy":"product_tag","embeddable":true,"href":"https:\/\/asociacionderechoymoda.com\/pt\/wp-json\/wp\/v2\/product_tag?post=16894"}],"curies":[{"name":"wp","href":"https:\/\/api.w.org\/{rel}","templated":true}]}}