{"id":16896,"date":"2021-01-12T11:02:53","date_gmt":"2021-01-12T11:02:53","guid":{"rendered":"https:\/\/asociacionderechoymoda.com\/?post_type=product&#038;p=16896"},"modified":"2021-01-14T16:46:27","modified_gmt":"2021-01-14T16:46:27","slug":"hacer-negocios-en-peru","status":"publish","type":"product","link":"https:\/\/asociacionderechoymoda.com\/pt\/product\/hacer-negocios-en-peru\/","title":{"rendered":"HACER NEGOCIOS EN PER\u00da"},"content":{"rendered":"<p>La presente gu\u00eda elaborada por el despacho <strong>Mu\u00f1iz, Olaya, Mel\u00e9ndez, Castro, Ono &amp; Herrera Abogados, estudio m\u00e1s grande del Per\u00fa para la Asociaci\u00f3n de Expertos en Derecho de la moda<\/strong>, aborda las cuestiones m\u00e1s relevantes que han de ser tenidas en cuenta en la industria de la moda y del lujo por toda persona o entidad que desee realizar negocios con Per\u00fa. Convirti\u00e9ndose este documento en una herramienta imprescindible para todas aquellas personas interesadas en el <strong>Derecho de la moda o Fashion Law y quieran conocer las principales cuestiones jur\u00eddicas a tener en cuenta para operar en Per\u00fa.<\/strong><\/p>\n<p>&nbsp;<\/p>\n<p>Actualizada a diciembre de 2020. Esta gu\u00eda representa material informativo y no constituye asesoramiento legal ni publicidad.<\/p>","protected":false},"excerpt":{"rendered":"<p>La presente gu\u00eda elaborada por el despacho <strong>Mu\u00f1iz, Olaya, Mel\u00e9ndez, Castro, Ono &amp; Herrera Abogados, estudio m\u00e1s grande del Per\u00fa para la Asociaci\u00f3n de Expertos en Derecho de la moda<\/strong>, aborda las cuestiones m\u00e1s relevantes que han de ser tenidas en cuenta en la industria de la moda y del lujo por toda persona o entidad que desee realizar negocios con Per\u00fa. Convirti\u00e9ndose este documento en una herramienta imprescindible para todas aquellas personas interesadas en el <strong>Derecho de la moda o Fashion Law y quieran conocer las principales cuestiones jur\u00eddicas a tener en cuenta para operar en Per\u00fa.<\/strong><\/p>\n<p>&nbsp;<\/p>\n<p>Actualizada a diciembre de 2020. Esta gu\u00eda representa material informativo y no constituye asesoramiento legal ni publicidad.<\/p>","protected":false},"featured_media":16986,"template":"","meta":[],"product_cat":[141],"product_tag":[],"class_list":["post-16896","product","type-product","status-publish","has-post-thumbnail","hentry","product_cat-guias"],"_links":{"self":[{"href":"https:\/\/asociacionderechoymoda.com\/pt\/wp-json\/wp\/v2\/product\/16896","targetHints":{"allow":["GET"]}}],"collection":[{"href":"https:\/\/asociacionderechoymoda.com\/pt\/wp-json\/wp\/v2\/product"}],"about":[{"href":"https:\/\/asociacionderechoymoda.com\/pt\/wp-json\/wp\/v2\/types\/product"}],"wp:featuredmedia":[{"embeddable":true,"href":"https:\/\/asociacionderechoymoda.com\/pt\/wp-json\/wp\/v2\/media\/16986"}],"wp:attachment":[{"href":"https:\/\/asociacionderechoymoda.com\/pt\/wp-json\/wp\/v2\/media?parent=16896"}],"wp:term":[{"taxonomy":"product_cat","embeddable":true,"href":"https:\/\/asociacionderechoymoda.com\/pt\/wp-json\/wp\/v2\/product_cat?post=16896"},{"taxonomy":"product_tag","embeddable":true,"href":"https:\/\/asociacionderechoymoda.com\/pt\/wp-json\/wp\/v2\/product_tag?post=16896"}],"curies":[{"name":"wp","href":"https:\/\/api.w.org\/{rel}","templated":true}]}}