{"id":16898,"date":"2021-01-12T11:03:53","date_gmt":"2021-01-12T11:03:53","guid":{"rendered":"https:\/\/asociacionderechoymoda.com\/?post_type=product&#038;p=16898"},"modified":"2021-01-14T16:46:54","modified_gmt":"2021-01-14T16:46:54","slug":"hacer-negocios-en-portugal","status":"publish","type":"product","link":"https:\/\/asociacionderechoymoda.com\/pt\/product\/hacer-negocios-en-portugal\/","title":{"rendered":"HACER NEGOCIOS EN PORTUGAL"},"content":{"rendered":"<p>La presente gu\u00eda elaborada por el despacho <strong>Joao Fraga de Castro Advogados integrado en Aport Abogados, para la Asociaci\u00f3n de Expertos en Derecho de la moda<\/strong>, aborda las cuestiones jur\u00eddicas de todas las disciplinas jur\u00eddicas m\u00e1s relevantes que han de ser tenidas en cuenta en la industria de la moda y del lujo por toda persona o entidad que desee realizar negocios con Portugal en materias tan relevantes como derecho mercantil, propiedad industrial e intelectual, derecho laboral, derecho fiscal y aduanero, derecho de las nuevas tecnolog\u00edas o marco regulatorio de la industria. Convirti\u00e9ndose este documento en una herramienta imprescindible para todas aquellas personas interesadas en el <strong>Derecho de la moda o Fashion Law y quieran conocer las principales cuestiones jur\u00eddicas a tener en cuenta para operar en Portugal.<\/strong><\/p>\n<p>&nbsp;<\/p>\n<p>Actualizada a octubre de 2020. Esta gu\u00eda representa material informativo y no constituye asesoramiento legal ni publicidad.<\/p>","protected":false},"excerpt":{"rendered":"<p>La presente gu\u00eda elaborada por el despacho <strong>Joao Fraga de Castro Advogados integrado en Aport Abogados, para la Asociaci\u00f3n de Expertos en Derecho de la moda<\/strong>, aborda las cuestiones jur\u00eddicas de todas las disciplinas jur\u00eddicas m\u00e1s relevantes que han de ser tenidas en cuenta en la industria de la moda y del lujo por toda persona o entidad que desee realizar negocios con Portugal en materias tan relevantes como derecho mercantil, propiedad industrial e intelectual, derecho laboral, derecho fiscal y aduanero, derecho de las nuevas tecnolog\u00edas o marco regulatorio de la industria. Convirti\u00e9ndose este documento en una herramienta imprescindible para todas aquellas personas interesadas en el <strong>Derecho de la moda o Fashion Law y quieran conocer las principales cuestiones jur\u00eddicas a tener en cuenta para operar en Portugal.<\/strong><\/p>\n<p>&nbsp;<\/p>\n<p>Actualizada a octubre de 2020. Esta gu\u00eda representa material informativo y no constituye asesoramiento legal ni publicidad.<\/p>","protected":false},"featured_media":16988,"template":"","meta":[],"product_cat":[141],"product_tag":[],"class_list":["post-16898","product","type-product","status-publish","has-post-thumbnail","hentry","product_cat-guias"],"_links":{"self":[{"href":"https:\/\/asociacionderechoymoda.com\/pt\/wp-json\/wp\/v2\/product\/16898","targetHints":{"allow":["GET"]}}],"collection":[{"href":"https:\/\/asociacionderechoymoda.com\/pt\/wp-json\/wp\/v2\/product"}],"about":[{"href":"https:\/\/asociacionderechoymoda.com\/pt\/wp-json\/wp\/v2\/types\/product"}],"wp:featuredmedia":[{"embeddable":true,"href":"https:\/\/asociacionderechoymoda.com\/pt\/wp-json\/wp\/v2\/media\/16988"}],"wp:attachment":[{"href":"https:\/\/asociacionderechoymoda.com\/pt\/wp-json\/wp\/v2\/media?parent=16898"}],"wp:term":[{"taxonomy":"product_cat","embeddable":true,"href":"https:\/\/asociacionderechoymoda.com\/pt\/wp-json\/wp\/v2\/product_cat?post=16898"},{"taxonomy":"product_tag","embeddable":true,"href":"https:\/\/asociacionderechoymoda.com\/pt\/wp-json\/wp\/v2\/product_tag?post=16898"}],"curies":[{"name":"wp","href":"https:\/\/api.w.org\/{rel}","templated":true}]}}