{"id":16902,"date":"2021-01-12T11:06:37","date_gmt":"2021-01-12T11:06:37","guid":{"rendered":"https:\/\/asociacionderechoymoda.com\/?post_type=product&#038;p=16902"},"modified":"2021-01-14T16:48:44","modified_gmt":"2021-01-14T16:48:44","slug":"laboral-y-sector-de-la-moda","status":"publish","type":"product","link":"https:\/\/asociacionderechoymoda.com\/pt\/product\/laboral-y-sector-de-la-moda\/","title":{"rendered":"LABORAL Y SECTOR DE LA MODA"},"content":{"rendered":"<p>La presente gu\u00eda elaborada por <strong>CECA MAG\u00c1N ABOGADOS para la Asociaci\u00f3n de Expertos en Derecho de la moda<\/strong>, aborda las cuestiones jur\u00eddico-laborales m\u00e1s relevantes que han de ser tenidas en cuenta en la industria de la moda y del lujo. Convirti\u00e9ndose en una herramienta imprescindible para todas aquellas personas interesadas en el <strong>Derecho de la moda o Fashion Law.<\/strong><\/p>\n<p>&nbsp;<\/p>\n<p>Las industrias de la moda, joyer\u00eda y perfumer\u00eda han sido de las m\u00e1s afectadas durante estos \u00faltimos meses debido a las dr\u00e1sticas transformaciones que se han ido generando en los \u00e1mbitos de producci\u00f3n, gesti\u00f3n y venta de los productos fruto de las modificaciones normativas que se han venido sucediendo. <strong>La gu\u00eda espera servir de utilidad a todos los interesados en Fashion Law en su \u00e1rea jur\u00eddico-laboral.<\/strong><\/p>\n<p>&nbsp;<\/p>\n<p>Actualizada a diciembre de 2020. Esta gu\u00eda representa material informativo y no constituye asesoramiento legal ni publicidad.<\/p>","protected":false},"excerpt":{"rendered":"<p>La presente gu\u00eda elaborada por <strong>CECA MAG\u00c1N ABOGADOS para la Asociaci\u00f3n de Expertos en Derecho de la moda<\/strong>, aborda las cuestiones jur\u00eddico-laborales m\u00e1s relevantes que han de ser tenidas en cuenta en la industria de la moda y del lujo. Convirti\u00e9ndose en una herramienta imprescindible para todas aquellas personas interesadas en el <strong>Derecho de la moda o Fashion Law.<\/strong><\/p>\n<p>&nbsp;<\/p>\n<p>Las industrias de la moda, joyer\u00eda y perfumer\u00eda han sido de las m\u00e1s afectadas durante estos \u00faltimos meses debido a las dr\u00e1sticas transformaciones que se han ido generando en los \u00e1mbitos de producci\u00f3n, gesti\u00f3n y venta de los productos fruto de las modificaciones normativas que se han venido sucediendo. <strong>La gu\u00eda espera servir de utilidad a todos los interesados en Fashion Law en su \u00e1rea jur\u00eddico-laboral.<\/strong><\/p>\n<p>&nbsp;<\/p>\n<p>Actualizada a diciembre de 2020. Esta gu\u00eda representa material informativo y no constituye asesoramiento legal ni publicidad.<\/p>","protected":false},"featured_media":16990,"template":"","meta":[],"product_cat":[141],"product_tag":[],"class_list":["post-16902","product","type-product","status-publish","has-post-thumbnail","hentry","product_cat-guias"],"_links":{"self":[{"href":"https:\/\/asociacionderechoymoda.com\/pt\/wp-json\/wp\/v2\/product\/16902","targetHints":{"allow":["GET"]}}],"collection":[{"href":"https:\/\/asociacionderechoymoda.com\/pt\/wp-json\/wp\/v2\/product"}],"about":[{"href":"https:\/\/asociacionderechoymoda.com\/pt\/wp-json\/wp\/v2\/types\/product"}],"wp:featuredmedia":[{"embeddable":true,"href":"https:\/\/asociacionderechoymoda.com\/pt\/wp-json\/wp\/v2\/media\/16990"}],"wp:attachment":[{"href":"https:\/\/asociacionderechoymoda.com\/pt\/wp-json\/wp\/v2\/media?parent=16902"}],"wp:term":[{"taxonomy":"product_cat","embeddable":true,"href":"https:\/\/asociacionderechoymoda.com\/pt\/wp-json\/wp\/v2\/product_cat?post=16902"},{"taxonomy":"product_tag","embeddable":true,"href":"https:\/\/asociacionderechoymoda.com\/pt\/wp-json\/wp\/v2\/product_tag?post=16902"}],"curies":[{"name":"wp","href":"https:\/\/api.w.org\/{rel}","templated":true}]}}