{"id":16906,"date":"2021-01-12T11:08:35","date_gmt":"2021-01-12T11:08:35","guid":{"rendered":"https:\/\/asociacionderechoymoda.com\/?post_type=product&#038;p=16906"},"modified":"2021-01-14T16:51:13","modified_gmt":"2021-01-14T16:51:13","slug":"nuevas-tecnologias-y-sector-de-la-moda","status":"publish","type":"product","link":"https:\/\/asociacionderechoymoda.com\/pt\/product\/nuevas-tecnologias-y-sector-de-la-moda\/","title":{"rendered":"NUEVAS TECNOLOG\u00cdAS Y SECTOR DE LA MODA"},"content":{"rendered":"<p>La presente gu\u00eda elaborada por <strong>ECIJA para la Asociaci\u00f3n de Expertos en Derecho de la moda<\/strong>, aborda las cuestiones jur\u00eddicas financieras y bancarias m\u00e1s relevantes que han de ser tenidas en cuenta en la industria de la moda y del lujo. Convirti\u00e9ndose en una herramienta imprescindible para todas aquellas personas interesadas en el <strong>Derecho de la moda o Fashion Law.<\/strong><\/p>\n<p>en la \u201cGu\u00eda de Fashion Law y Nuevas Tecnolog\u00edas\u201d (en adelante, la \u201cGu\u00eda\u201d) se analizar\u00e1n las \u00faltimas tendencias que han irrumpido en el mercado en relaci\u00f3n con la tecnolog\u00eda aplicada al sector de la moda (la llamada Fashion-Tech), as\u00ed como las cuestiones legales que las empresas deben tener en cuenta cuando utilizan estas nuevas tecnolog\u00edas.<\/p>\n<p>&nbsp;<\/p>\n<p>Asimismo, se describir\u00e1n los nuevos desaf\u00edos en la cadena de suministro, abordando distintas soluciones para estos <strong>desaf\u00edos desde un punto de vista jur\u00eddico y estrat\u00e9gico.<\/strong><\/p>\n<p>La industria de la moda no es ajena a la profunda transformaci\u00f3n tecnol\u00f3gica que est\u00e1 inundando todos los sectores. Desde la fabricaci\u00f3n de nuevos tejidos inteligentes a la utilizaci\u00f3n de sistemas de realidad virtual y aumentada en puntos de venta, pasando por la generaci\u00f3n de prendas utilizando la impresi\u00f3n tridimensional o el uso de hologramas en pasarelas, la innovaci\u00f3n tecnol\u00f3gica est\u00e1 cambiando nuestra forma de concebir la moda.<\/p>\n<p>&nbsp;<\/p>\n<p>El uso de las tecnolog\u00edas permite, entre otras cosas, mejorar la experiencia del consumidor y aumentar la capacidad de fabricaci\u00f3n, pero tambi\u00e9n ofrecer un alto grado de sosticaci\u00f3n y un halo de exclusividad empleando nuevos medios m\u00e1s atractivos y personalizados. Asimismo, permiten personalizar tanto el proceso de compra como las propias prendas, produciendo una personalizaci\u00f3n a escala, acercando al gran p\u00fablico la posibilidad de customizaci\u00f3n que, hist\u00f3ricamente, ha estado reservado a los clientes de las firmas de lujo.<\/p>\n<p>&nbsp;<\/p>\n<p>Actualizada a diciembre de 2020. Esta gu\u00eda representa material informativo y no constituye asesoramiento legal ni publicidad.<\/p>","protected":false},"excerpt":{"rendered":"<p>La presente gu\u00eda elaborada por <strong>ECIJA para la Asociaci\u00f3n de Expertos en Derecho de la moda<\/strong>, aborda las cuestiones jur\u00eddicas financieras y bancarias m\u00e1s relevantes que han de ser tenidas en cuenta en la industria de la moda y del lujo. Convirti\u00e9ndose en una herramienta imprescindible para todas aquellas personas interesadas en el <strong>Derecho de la moda o Fashion Law.<\/strong><\/p>\n<p>en la \u201cGu\u00eda de Fashion Law y Nuevas Tecnolog\u00edas\u201d (en adelante, la \u201cGu\u00eda\u201d) se analizar\u00e1n las \u00faltimas tendencias que han irrumpido en el mercado en relaci\u00f3n con la tecnolog\u00eda aplicada al sector de la moda (la llamada Fashion-Tech), as\u00ed como las cuestiones legales que las empresas deben tener en cuenta cuando utilizan estas nuevas tecnolog\u00edas.<\/p>\n<p>&nbsp;<\/p>\n<p>Asimismo, se describir\u00e1n los nuevos desaf\u00edos en la cadena de suministro, abordando distintas soluciones para estos <strong>desaf\u00edos desde un punto de vista jur\u00eddico y estrat\u00e9gico.<\/strong><\/p>\n<p>La industria de la moda no es ajena a la profunda transformaci\u00f3n tecnol\u00f3gica que est\u00e1 inundando todos los sectores. Desde la fabricaci\u00f3n de nuevos tejidos inteligentes a la utilizaci\u00f3n de sistemas de realidad virtual y aumentada en puntos de venta, pasando por la generaci\u00f3n de prendas utilizando la impresi\u00f3n tridimensional o el uso de hologramas en pasarelas, la innovaci\u00f3n tecnol\u00f3gica est\u00e1 cambiando nuestra forma de concebir la moda.<\/p>\n<p>&nbsp;<\/p>\n<p>El uso de las tecnolog\u00edas permite, entre otras cosas, mejorar la experiencia del consumidor y aumentar la capacidad de fabricaci\u00f3n, pero tambi\u00e9n ofrecer un alto grado de sosticaci\u00f3n y un halo de exclusividad empleando nuevos medios m\u00e1s atractivos y personalizados. Asimismo, permiten personalizar tanto el proceso de compra como las propias prendas, produciendo una personalizaci\u00f3n a escala, acercando al gran p\u00fablico la posibilidad de customizaci\u00f3n que, hist\u00f3ricamente, ha estado reservado a los clientes de las firmas de lujo.<\/p>\n<p>&nbsp;<\/p>\n<p>Actualizada a diciembre de 2020. Esta gu\u00eda representa material informativo y no constituye asesoramiento legal ni publicidad.<\/p>","protected":false},"featured_media":16992,"template":"","meta":[],"product_cat":[141],"product_tag":[],"class_list":["post-16906","product","type-product","status-publish","has-post-thumbnail","hentry","product_cat-guias"],"_links":{"self":[{"href":"https:\/\/asociacionderechoymoda.com\/pt\/wp-json\/wp\/v2\/product\/16906","targetHints":{"allow":["GET"]}}],"collection":[{"href":"https:\/\/asociacionderechoymoda.com\/pt\/wp-json\/wp\/v2\/product"}],"about":[{"href":"https:\/\/asociacionderechoymoda.com\/pt\/wp-json\/wp\/v2\/types\/product"}],"wp:featuredmedia":[{"embeddable":true,"href":"https:\/\/asociacionderechoymoda.com\/pt\/wp-json\/wp\/v2\/media\/16992"}],"wp:attachment":[{"href":"https:\/\/asociacionderechoymoda.com\/pt\/wp-json\/wp\/v2\/media?parent=16906"}],"wp:term":[{"taxonomy":"product_cat","embeddable":true,"href":"https:\/\/asociacionderechoymoda.com\/pt\/wp-json\/wp\/v2\/product_cat?post=16906"},{"taxonomy":"product_tag","embeddable":true,"href":"https:\/\/asociacionderechoymoda.com\/pt\/wp-json\/wp\/v2\/product_tag?post=16906"}],"curies":[{"name":"wp","href":"https:\/\/api.w.org\/{rel}","templated":true}]}}