{"id":17469,"date":"2022-04-19T08:08:14","date_gmt":"2022-04-19T08:08:14","guid":{"rendered":"https:\/\/asociacionderechoymoda.com\/?post_type=product&#038;p=17469"},"modified":"2022-04-19T08:17:21","modified_gmt":"2022-04-19T08:17:21","slug":"guia-para-importar-productos-cosmeticos-a-espana-portugal-y-andorra","status":"publish","type":"product","link":"https:\/\/asociacionderechoymoda.com\/pt\/product\/guia-para-importar-productos-cosmeticos-a-espana-portugal-y-andorra\/","title":{"rendered":"GUIA PARA IMPORTAR PRODUCTOS COSMETICOS A ESPA\u00d1A, PORTUGAL Y ANDORRA"},"content":{"rendered":"<p>La presente gu\u00eda contiene los requisitos legales para importar productos a Espa\u00f1a, Andorra y Portugal.<br \/>\nDebido a ello, se hace obligatorio definir previamente los conceptos que son relevantes en este mercado y la menci\u00f3n a los requisitos legales que impone la Uni\u00f3n Europea en general y, por su parte, Espa\u00f1a, Portugal y Andorra en concreto.<br \/>\nEs conveniente advertir que esta gu\u00eda no analiza las implicaciones fiscales y\/o aduaneras o el control sanitario del tr\u00e1fico internacional de mercanc\u00edas que conlleva la importaci\u00f3n de productos de cualquier tipo a Espa\u00f1a, Portugal y Andorra, ni los requisitos que imponen los pa\u00edses de origen para exportar a terceros pa\u00edses.<\/p>","protected":false},"excerpt":{"rendered":"<p>La presente gu\u00eda contiene los requisitos legales para importar productos a Espa\u00f1a, Andorra y Portugal.<br \/>\nDebido a ello, se hace obligatorio definir previamente los conceptos que son relevantes en este mercado y la menci\u00f3n a los requisitos legales que impone la Uni\u00f3n Europea en general y, por su parte, Espa\u00f1a, Portugal y Andorra en concreto.<br \/>\nEs conveniente advertir que esta gu\u00eda no analiza las implicaciones fiscales y\/o aduaneras o el control sanitario del tr\u00e1fico internacional de mercanc\u00edas que conlleva la importaci\u00f3n de productos de cualquier tipo a Espa\u00f1a, Portugal y Andorra, ni los requisitos que imponen los pa\u00edses de origen para exportar a terceros pa\u00edses.<\/p>","protected":false},"featured_media":17471,"template":"","meta":[],"product_cat":[141],"product_tag":[],"class_list":["post-17469","product","type-product","status-publish","has-post-thumbnail","hentry","product_cat-guias"],"_links":{"self":[{"href":"https:\/\/asociacionderechoymoda.com\/pt\/wp-json\/wp\/v2\/product\/17469","targetHints":{"allow":["GET"]}}],"collection":[{"href":"https:\/\/asociacionderechoymoda.com\/pt\/wp-json\/wp\/v2\/product"}],"about":[{"href":"https:\/\/asociacionderechoymoda.com\/pt\/wp-json\/wp\/v2\/types\/product"}],"wp:featuredmedia":[{"embeddable":true,"href":"https:\/\/asociacionderechoymoda.com\/pt\/wp-json\/wp\/v2\/media\/17471"}],"wp:attachment":[{"href":"https:\/\/asociacionderechoymoda.com\/pt\/wp-json\/wp\/v2\/media?parent=17469"}],"wp:term":[{"taxonomy":"product_cat","embeddable":true,"href":"https:\/\/asociacionderechoymoda.com\/pt\/wp-json\/wp\/v2\/product_cat?post=17469"},{"taxonomy":"product_tag","embeddable":true,"href":"https:\/\/asociacionderechoymoda.com\/pt\/wp-json\/wp\/v2\/product_tag?post=17469"}],"curies":[{"name":"wp","href":"https:\/\/api.w.org\/{rel}","templated":true}]}}